{"id":11,"date":"2019-12-22T18:01:09","date_gmt":"2019-12-22T18:01:09","guid":{"rendered":"http:\/\/physiotherapie-bahner.de\/?page_id=11"},"modified":"2019-12-22T19:47:33","modified_gmt":"2019-12-22T19:47:33","slug":"kontakt","status":"publish","type":"page","link":"https:\/\/physiotherapie-bahner.de\/?page_id=11","title":{"rendered":"Kontakt"},"content":{"rendered":"\n<p><strong>Die Praxis der Physiotherapie befindet sich im Haus der Praxen im barrierefrei zug\u00e4nglichen Erdgeschoss.&nbsp;<\/strong><\/p>\n\n\n\n<div class=\"wp-block-group\"><div class=\"wp-block-group__inner-container is-layout-flow wp-block-group-is-layout-flow\">\n<p>Praxis der Physiotherapie<br>Manuela Bahner<br>Landsberger Stra\u00dfe 28 b<br>86947 Weil<\/p>\n<\/div><\/div>\n\n\n\n<p>Parkpl\u00e4tze sind direkt am Haus der Praxen vorhanden.&nbsp;<\/p>\n\n\n\n<p><strong>F\u00fcr Ihre Terminanfrage erreichen Sie uns unter:&nbsp;<\/strong><\/p>\n\n\n\n<p><a href=\"tel:+4981951322\">08195 \/ 13 22<\/a><\/p>\n\n\n\n<p>Montag bis Freitag von 07.30 bis 20.00 Uhr.&nbsp;<\/p>\n\n\n\n<p>Sollten Sie uns nicht pers\u00f6nlich erreichen, bitten wir Sie, uns eine Nachricht auf dem Anrufbeantworter zu hinterlassen. Wir rufen Sie umgehend zur\u00fcck.&nbsp;<\/p>\n\n\n\n<p>Oder senden Sie uns eine Anfrage per E\u2013Mail:&nbsp;<\/p>\n\n\n\n<p><a href=\"mailto:praxis@physiotherapie-bahner.de\">praxis@physiotherapie-bahner.de<\/a><\/p>\n\n\n\n<p>Wir freuen uns auf Ihre Kontaktaufnahme.<\/p>\n\n\n\n<p>Ihr Physiotherapie\u2013Team<\/p>\n","protected":false},"excerpt":{"rendered":"<p>Die Praxis der Physiotherapie befindet sich im Haus der Praxen im barrierefrei zug\u00e4nglichen Erdgeschoss.&nbsp; Praxis der PhysiotherapieManuela BahnerLandsberger Stra\u00dfe 28 b86947 Weil Parkpl\u00e4tze sind direkt am Haus der Praxen vorhanden.&nbsp; F\u00fcr Ihre Terminanfrage erreichen Sie uns unter:&nbsp; 08195 \/ 13 22 Montag bis Freitag von 07.30 bis 20.00 Uhr.&nbsp; Sollten Sie uns nicht pers\u00f6nlich erreichen, &hellip; <\/p>\n<p class=\"link-more\"><a href=\"https:\/\/physiotherapie-bahner.de\/?page_id=11\" class=\"more-link\"><span class=\"screen-reader-text\">\u201eKontakt\u201c <\/span>weiterlesen<\/a><\/p>\n","protected":false},"author":1,"featured_media":0,"parent":0,"menu_order":0,"comment_status":"closed","ping_status":"closed","template":"","meta":{"footnotes":""},"class_list":["post-11","page","type-page","status-publish","hentry"],"_links":{"self":[{"href":"https:\/\/physiotherapie-bahner.de\/index.php?rest_route=\/wp\/v2\/pages\/11","targetHints":{"allow":["GET"]}}],"collection":[{"href":"https:\/\/physiotherapie-bahner.de\/index.php?rest_route=\/wp\/v2\/pages"}],"about":[{"href":"https:\/\/physiotherapie-bahner.de\/index.php?rest_route=\/wp\/v2\/types\/page"}],"author":[{"embeddable":true,"href":"https:\/\/physiotherapie-bahner.de\/index.php?rest_route=\/wp\/v2\/users\/1"}],"replies":[{"embeddable":true,"href":"https:\/\/physiotherapie-bahner.de\/index.php?rest_route=%2Fwp%2Fv2%2Fcomments&post=11"}],"version-history":[{"count":5,"href":"https:\/\/physiotherapie-bahner.de\/index.php?rest_route=\/wp\/v2\/pages\/11\/revisions"}],"predecessor-version":[{"id":54,"href":"https:\/\/physiotherapie-bahner.de\/index.php?rest_route=\/wp\/v2\/pages\/11\/revisions\/54"}],"wp:attachment":[{"href":"https:\/\/physiotherapie-bahner.de\/index.php?rest_route=%2Fwp%2Fv2%2Fmedia&parent=11"}],"curies":[{"name":"wp","href":"https:\/\/api.w.org\/{rel}","templated":true}]}}